{"id":5038,"date":"2024-12-26T10:55:41","date_gmt":"2024-12-26T09:55:41","guid":{"rendered":"https:\/\/benchaaben-fragrance.com\/?post_type=product&#038;p=5038"},"modified":"2025-05-19T04:21:41","modified_gmt":"2025-05-19T03:21:41","slug":"babycat-yves-saint-laurent-extrait-de-parfum","status":"publish","type":"product","link":"https:\/\/benchaaben-fragrance.com\/?product=babycat-yves-saint-laurent-extrait-de-parfum","title":{"rendered":"Babycat Yves Saint Laurent Extrait De Parfum"},"content":{"rendered":"<p><b>Babycat<\/b>\u00a0de\u00a0<b>Yves Saint Laurent<\/b>\u00a0est un parfum Orientale \u00c9pic\u00e9 pour homme et femme. C&rsquo;est un nouveau parfum.\u00a0<b>Babycat<\/b>\u00a0a \u00e9t\u00e9 lanc\u00e9 en 2022. Le nez derri\u00e8re ce parfum est Dominique Ropion. Les notes de t\u00eate sont Poivres noir et rose, Poivre noir, \u00c9l\u00e9mi et Poivre rose; les notes de coeur sont R\u00e9sine oliban et Safran; les notes de fond sont Vanille bourbon, Daim et C\u00e8dre.<\/p>\n","protected":false},"excerpt":{"rendered":"<p><b>Babycat<\/b>\u00a0de\u00a0<b>Yves Saint Laurent<\/b>\u00a0est un parfum Orientale \u00c9pic\u00e9 pour homme et femme. C&rsquo;est un nouveau parfum.\u00a0<b>Babycat<\/b>\u00a0a \u00e9t\u00e9 lanc\u00e9 en 2022. Le nez derri\u00e8re ce parfum est Dominique Ropion. Les notes de t\u00eate sont Poivres noir et rose, Poivre noir, \u00c9l\u00e9mi et Poivre rose; les notes de coeur sont R\u00e9sine oliban et Safran; les notes de fond sont Vanille bourbon, Daim et C\u00e8dre.<\/p>\n","protected":false},"featured_media":5041,"comment_status":"open","ping_status":"closed","template":"","meta":[],"product_brand":[],"product_cat":[196,195,197],"product_tag":[198,204,224],"class_list":{"0":"post-5038","1":"product","2":"type-product","3":"status-publish","4":"has-post-thumbnail","6":"product_cat-parfum-femme","7":"product_cat-parfum-homme","8":"product_cat-parfum-unisexe","9":"product_tag-parfum-femme","10":"product_tag-parfum-homme","11":"product_tag-yves-saint-laurent","13":"first","14":"instock","15":"shipping-taxable","16":"purchasable","17":"product-type-variable","18":"has-default-attributes"},"jetpack_sharing_enabled":true,"_links":{"self":[{"href":"https:\/\/benchaaben-fragrance.com\/index.php?rest_route=\/wp\/v2\/product\/5038","targetHints":{"allow":["GET"]}}],"collection":[{"href":"https:\/\/benchaaben-fragrance.com\/index.php?rest_route=\/wp\/v2\/product"}],"about":[{"href":"https:\/\/benchaaben-fragrance.com\/index.php?rest_route=\/wp\/v2\/types\/product"}],"replies":[{"embeddable":true,"href":"https:\/\/benchaaben-fragrance.com\/index.php?rest_route=%2Fwp%2Fv2%2Fcomments&post=5038"}],"wp:featuredmedia":[{"embeddable":true,"href":"https:\/\/benchaaben-fragrance.com\/index.php?rest_route=\/wp\/v2\/media\/5041"}],"wp:attachment":[{"href":"https:\/\/benchaaben-fragrance.com\/index.php?rest_route=%2Fwp%2Fv2%2Fmedia&parent=5038"}],"wp:term":[{"taxonomy":"product_brand","embeddable":true,"href":"https:\/\/benchaaben-fragrance.com\/index.php?rest_route=%2Fwp%2Fv2%2Fproduct_brand&post=5038"},{"taxonomy":"product_cat","embeddable":true,"href":"https:\/\/benchaaben-fragrance.com\/index.php?rest_route=%2Fwp%2Fv2%2Fproduct_cat&post=5038"},{"taxonomy":"product_tag","embeddable":true,"href":"https:\/\/benchaaben-fragrance.com\/index.php?rest_route=%2Fwp%2Fv2%2Fproduct_tag&post=5038"}],"curies":[{"name":"wp","href":"https:\/\/api.w.org\/{rel}","templated":true}]}}