{"id":5042,"date":"2024-12-26T11:12:40","date_gmt":"2024-12-26T10:12:40","guid":{"rendered":"https:\/\/benchaaben-fragrance.com\/?post_type=product&#038;p=5042"},"modified":"2025-05-19T04:21:57","modified_gmt":"2025-05-19T03:21:57","slug":"black-phantom-by-kilian-extrait-de-parfum","status":"publish","type":"product","link":"https:\/\/benchaaben-fragrance.com\/?product=black-phantom-by-kilian-extrait-de-parfum","title":{"rendered":"Black Phantom By Kilian Extrait De Parfum"},"content":{"rendered":"<p><b>Black Phantom<\/b>\u00a0de\u00a0<b>By Kilian<\/b>\u00a0est un parfum Orientale Vanill\u00e9 pour homme et femme.\u00a0<b>Black Phantom<\/b>\u00a0a \u00e9t\u00e9 lanc\u00e9 en 2017. Le nez derri\u00e8re ce parfum est Sidonie Lancesseur. La note de t\u00eate est Rhum; les notes de coeur sont Chocolat noir, Caf\u00e9, Amande et H\u00e9liotrope; les notes de fond sont Caramel, Canne \u00e0 sucre, Bois de santal, Vanille, F\u00e8ve de tonka et V\u00e9tiver.<\/p>\n","protected":false},"excerpt":{"rendered":"<p><b>Black Phantom<\/b>\u00a0de\u00a0<b>By Kilian<\/b>\u00a0est un parfum Orientale Vanill\u00e9 pour homme et femme.\u00a0<b>Black Phantom<\/b>\u00a0a \u00e9t\u00e9 lanc\u00e9 en 2017. Le nez derri\u00e8re ce parfum est Sidonie Lancesseur. La note de t\u00eate est Rhum; les notes de coeur sont Chocolat noir, Caf\u00e9, Amande et H\u00e9liotrope; les notes de fond sont Caramel, Canne \u00e0 sucre, Bois de santal, Vanille, F\u00e8ve de tonka et V\u00e9tiver.<\/p>\n","protected":false},"featured_media":5045,"comment_status":"open","ping_status":"closed","template":"","meta":[],"product_brand":[],"product_cat":[196,195,197],"product_tag":[269,198,204],"class_list":{"0":"post-5042","1":"product","2":"type-product","3":"status-publish","4":"has-post-thumbnail","6":"product_cat-parfum-femme","7":"product_cat-parfum-homme","8":"product_cat-parfum-unisexe","9":"product_tag-by-kilian","10":"product_tag-parfum-femme","11":"product_tag-parfum-homme","13":"first","14":"instock","15":"shipping-taxable","16":"purchasable","17":"product-type-variable","18":"has-default-attributes"},"jetpack_sharing_enabled":true,"_links":{"self":[{"href":"https:\/\/benchaaben-fragrance.com\/index.php?rest_route=\/wp\/v2\/product\/5042","targetHints":{"allow":["GET"]}}],"collection":[{"href":"https:\/\/benchaaben-fragrance.com\/index.php?rest_route=\/wp\/v2\/product"}],"about":[{"href":"https:\/\/benchaaben-fragrance.com\/index.php?rest_route=\/wp\/v2\/types\/product"}],"replies":[{"embeddable":true,"href":"https:\/\/benchaaben-fragrance.com\/index.php?rest_route=%2Fwp%2Fv2%2Fcomments&post=5042"}],"wp:featuredmedia":[{"embeddable":true,"href":"https:\/\/benchaaben-fragrance.com\/index.php?rest_route=\/wp\/v2\/media\/5045"}],"wp:attachment":[{"href":"https:\/\/benchaaben-fragrance.com\/index.php?rest_route=%2Fwp%2Fv2%2Fmedia&parent=5042"}],"wp:term":[{"taxonomy":"product_brand","embeddable":true,"href":"https:\/\/benchaaben-fragrance.com\/index.php?rest_route=%2Fwp%2Fv2%2Fproduct_brand&post=5042"},{"taxonomy":"product_cat","embeddable":true,"href":"https:\/\/benchaaben-fragrance.com\/index.php?rest_route=%2Fwp%2Fv2%2Fproduct_cat&post=5042"},{"taxonomy":"product_tag","embeddable":true,"href":"https:\/\/benchaaben-fragrance.com\/index.php?rest_route=%2Fwp%2Fv2%2Fproduct_tag&post=5042"}],"curies":[{"name":"wp","href":"https:\/\/api.w.org\/{rel}","templated":true}]}}