{"id":5046,"date":"2024-12-26T11:16:11","date_gmt":"2024-12-26T10:16:11","guid":{"rendered":"https:\/\/benchaaben-fragrance.com\/?post_type=product&#038;p=5046"},"modified":"2026-01-13T05:34:52","modified_gmt":"2026-01-13T04:34:52","slug":"724-maison-francis-kurkdjian-extrait-de-parfum","status":"publish","type":"product","link":"https:\/\/benchaaben-fragrance.com\/?product=724-maison-francis-kurkdjian-extrait-de-parfum","title":{"rendered":"724 Maison Francis Kurkdjian Extrait De Parfum"},"content":{"rendered":"<p><b>724<\/b>\u00a0de\u00a0<b>Maison Francis Kurkdjian<\/b>\u00a0est un parfum pour homme et femme. C&rsquo;est un nouveau parfum.\u00a0<b>724<\/b>\u00a0a \u00e9t\u00e9 lanc\u00e9 en 2022. Le nez derri\u00e8re ce parfum est Francis Kurkdjian. Les notes de t\u00eate sont Ald\u00e9hydes et Bergamote de Calabria; les notes de coeur sont Jasmin d&rsquo;Egypte, Philadelphus et Pois de senteur; les notes de fond sont Musc blanc et Bois de santal.<\/p>\n","protected":false},"excerpt":{"rendered":"<p><b>724<\/b>\u00a0de\u00a0<b>Maison Francis Kurkdjian<\/b>\u00a0est un parfum pour homme et femme. C&rsquo;est un nouveau parfum.\u00a0<b>724<\/b>\u00a0a \u00e9t\u00e9 lanc\u00e9 en 2022. Le nez derri\u00e8re ce parfum est Francis Kurkdjian. Les notes de t\u00eate sont Ald\u00e9hydes et Bergamote de Calabria; les notes de coeur sont Jasmin d&rsquo;Egypte, Philadelphus et Pois de senteur; les notes de fond sont Musc blanc et Bois de santal.<\/p>\n","protected":false},"featured_media":5048,"comment_status":"open","ping_status":"closed","template":"","meta":[],"product_brand":[],"product_cat":[196,195,197],"product_tag":[214,198,204],"class_list":{"0":"post-5046","1":"product","2":"type-product","3":"status-publish","4":"has-post-thumbnail","6":"product_cat-parfum-femme","7":"product_cat-parfum-homme","8":"product_cat-parfum-unisexe","9":"product_tag-francis-kurkdjian","10":"product_tag-parfum-femme","11":"product_tag-parfum-homme","13":"first","14":"instock","15":"shipping-taxable","16":"purchasable","17":"product-type-variable","18":"has-default-attributes"},"jetpack_sharing_enabled":true,"_links":{"self":[{"href":"https:\/\/benchaaben-fragrance.com\/index.php?rest_route=\/wp\/v2\/product\/5046","targetHints":{"allow":["GET"]}}],"collection":[{"href":"https:\/\/benchaaben-fragrance.com\/index.php?rest_route=\/wp\/v2\/product"}],"about":[{"href":"https:\/\/benchaaben-fragrance.com\/index.php?rest_route=\/wp\/v2\/types\/product"}],"replies":[{"embeddable":true,"href":"https:\/\/benchaaben-fragrance.com\/index.php?rest_route=%2Fwp%2Fv2%2Fcomments&post=5046"}],"wp:featuredmedia":[{"embeddable":true,"href":"https:\/\/benchaaben-fragrance.com\/index.php?rest_route=\/wp\/v2\/media\/5048"}],"wp:attachment":[{"href":"https:\/\/benchaaben-fragrance.com\/index.php?rest_route=%2Fwp%2Fv2%2Fmedia&parent=5046"}],"wp:term":[{"taxonomy":"product_brand","embeddable":true,"href":"https:\/\/benchaaben-fragrance.com\/index.php?rest_route=%2Fwp%2Fv2%2Fproduct_brand&post=5046"},{"taxonomy":"product_cat","embeddable":true,"href":"https:\/\/benchaaben-fragrance.com\/index.php?rest_route=%2Fwp%2Fv2%2Fproduct_cat&post=5046"},{"taxonomy":"product_tag","embeddable":true,"href":"https:\/\/benchaaben-fragrance.com\/index.php?rest_route=%2Fwp%2Fv2%2Fproduct_tag&post=5046"}],"curies":[{"name":"wp","href":"https:\/\/api.w.org\/{rel}","templated":true}]}}