{"id":5050,"date":"2024-12-26T11:19:06","date_gmt":"2024-12-26T10:19:06","guid":{"rendered":"https:\/\/benchaaben-fragrance.com\/?post_type=product&#038;p=5050"},"modified":"2025-05-19T04:24:20","modified_gmt":"2025-05-19T03:24:20","slug":"prada-lhomme-prada-extrait-de-parfum","status":"publish","type":"product","link":"https:\/\/benchaaben-fragrance.com\/?product=prada-lhomme-prada-extrait-de-parfum","title":{"rendered":"Prada L&rsquo;Homme Prada Extrait De Parfum"},"content":{"rendered":"<p><b>Prada L&rsquo;Homme<\/b>\u00a0de\u00a0<b>Prada<\/b>\u00a0est un parfum Bois\u00e9 Chypr\u00e9 pour homme.\u00a0<b>Prada L&rsquo;Homme<\/b>\u00a0a \u00e9t\u00e9 lanc\u00e9 en 2016. Le nez derri\u00e8re ce parfum est Daniela Andrier. Les notes de t\u00eate sont N\u00e9roli, Poivre noir, Cardamome et Graines de carotte; les notes de coeur sont Iris, Violette, G\u00e9ranium et Mat\u00e9; les notes de fond sont Ambre, C\u00e8dre, Bois de santal et Patchouli.<\/p>\n","protected":false},"excerpt":{"rendered":"<p><b>Prada L&rsquo;Homme<\/b>\u00a0de\u00a0<b>Prada<\/b>\u00a0est un parfum Bois\u00e9 Chypr\u00e9 pour homme.\u00a0<b>Prada L&rsquo;Homme<\/b>\u00a0a \u00e9t\u00e9 lanc\u00e9 en 2016. Le nez derri\u00e8re ce parfum est Daniela Andrier. Les notes de t\u00eate sont N\u00e9roli, Poivre noir, Cardamome et Graines de carotte; les notes de coeur sont Iris, Violette, G\u00e9ranium et Mat\u00e9; les notes de fond sont Ambre, C\u00e8dre, Bois de santal et Patchouli.<\/p>\n","protected":false},"featured_media":5053,"comment_status":"open","ping_status":"closed","template":"","meta":[],"product_brand":[],"product_cat":[195],"product_tag":[204,199],"class_list":{"0":"post-5050","1":"product","2":"type-product","3":"status-publish","4":"has-post-thumbnail","6":"product_cat-parfum-homme","7":"product_tag-parfum-homme","8":"product_tag-prada","10":"first","11":"instock","12":"shipping-taxable","13":"purchasable","14":"product-type-variable","15":"has-default-attributes"},"jetpack_sharing_enabled":true,"_links":{"self":[{"href":"https:\/\/benchaaben-fragrance.com\/index.php?rest_route=\/wp\/v2\/product\/5050","targetHints":{"allow":["GET"]}}],"collection":[{"href":"https:\/\/benchaaben-fragrance.com\/index.php?rest_route=\/wp\/v2\/product"}],"about":[{"href":"https:\/\/benchaaben-fragrance.com\/index.php?rest_route=\/wp\/v2\/types\/product"}],"replies":[{"embeddable":true,"href":"https:\/\/benchaaben-fragrance.com\/index.php?rest_route=%2Fwp%2Fv2%2Fcomments&post=5050"}],"wp:featuredmedia":[{"embeddable":true,"href":"https:\/\/benchaaben-fragrance.com\/index.php?rest_route=\/wp\/v2\/media\/5053"}],"wp:attachment":[{"href":"https:\/\/benchaaben-fragrance.com\/index.php?rest_route=%2Fwp%2Fv2%2Fmedia&parent=5050"}],"wp:term":[{"taxonomy":"product_brand","embeddable":true,"href":"https:\/\/benchaaben-fragrance.com\/index.php?rest_route=%2Fwp%2Fv2%2Fproduct_brand&post=5050"},{"taxonomy":"product_cat","embeddable":true,"href":"https:\/\/benchaaben-fragrance.com\/index.php?rest_route=%2Fwp%2Fv2%2Fproduct_cat&post=5050"},{"taxonomy":"product_tag","embeddable":true,"href":"https:\/\/benchaaben-fragrance.com\/index.php?rest_route=%2Fwp%2Fv2%2Fproduct_tag&post=5050"}],"curies":[{"name":"wp","href":"https:\/\/api.w.org\/{rel}","templated":true}]}}