{"id":5054,"date":"2024-12-26T11:21:59","date_gmt":"2024-12-26T10:21:59","guid":{"rendered":"https:\/\/benchaaben-fragrance.com\/?post_type=product&#038;p=5054"},"modified":"2026-01-16T01:46:52","modified_gmt":"2026-01-16T00:46:52","slug":"lhomme-a-la-rose-maison-francis-kurkdjian-extrait-de-parfum","status":"publish","type":"product","link":"https:\/\/benchaaben-fragrance.com\/?product=lhomme-a-la-rose-maison-francis-kurkdjian-extrait-de-parfum","title":{"rendered":"L&rsquo;Homme \u00c0 la Rose Maison Francis Kurkdjian Extrait De Parfum"},"content":{"rendered":"<p><b>L&rsquo;Homme \u00c0 la Rose<\/b>\u00a0de\u00a0<b>Maison Francis Kurkdjian<\/b>\u00a0est un parfum Floral Bois\u00e9 Musqu\u00e9 pour homme.\u00a0<b>L&rsquo;Homme \u00c0 la Rose<\/b>\u00a0a \u00e9t\u00e9 lanc\u00e9 en 2020. Le nez derri\u00e8re ce parfum est Francis Kurkdjian.<\/p>\n","protected":false},"excerpt":{"rendered":"<p><b>L&rsquo;Homme \u00c0 la Rose<\/b>\u00a0de\u00a0<b>Maison Francis Kurkdjian<\/b>\u00a0est un parfum Floral Bois\u00e9 Musqu\u00e9 pour homme.\u00a0<b>L&rsquo;Homme \u00c0 la Rose<\/b>\u00a0a \u00e9t\u00e9 lanc\u00e9 en 2020. Le nez derri\u00e8re ce parfum est Francis Kurkdjian.<\/p>\n","protected":false},"featured_media":5057,"comment_status":"open","ping_status":"closed","template":"","meta":[],"product_brand":[],"product_cat":[195],"product_tag":[214,204],"class_list":{"0":"post-5054","1":"product","2":"type-product","3":"status-publish","4":"has-post-thumbnail","6":"product_cat-parfum-homme","7":"product_tag-francis-kurkdjian","8":"product_tag-parfum-homme","10":"first","11":"instock","12":"shipping-taxable","13":"purchasable","14":"product-type-variable","15":"has-default-attributes"},"jetpack_sharing_enabled":true,"_links":{"self":[{"href":"https:\/\/benchaaben-fragrance.com\/index.php?rest_route=\/wp\/v2\/product\/5054","targetHints":{"allow":["GET"]}}],"collection":[{"href":"https:\/\/benchaaben-fragrance.com\/index.php?rest_route=\/wp\/v2\/product"}],"about":[{"href":"https:\/\/benchaaben-fragrance.com\/index.php?rest_route=\/wp\/v2\/types\/product"}],"replies":[{"embeddable":true,"href":"https:\/\/benchaaben-fragrance.com\/index.php?rest_route=%2Fwp%2Fv2%2Fcomments&post=5054"}],"wp:featuredmedia":[{"embeddable":true,"href":"https:\/\/benchaaben-fragrance.com\/index.php?rest_route=\/wp\/v2\/media\/5057"}],"wp:attachment":[{"href":"https:\/\/benchaaben-fragrance.com\/index.php?rest_route=%2Fwp%2Fv2%2Fmedia&parent=5054"}],"wp:term":[{"taxonomy":"product_brand","embeddable":true,"href":"https:\/\/benchaaben-fragrance.com\/index.php?rest_route=%2Fwp%2Fv2%2Fproduct_brand&post=5054"},{"taxonomy":"product_cat","embeddable":true,"href":"https:\/\/benchaaben-fragrance.com\/index.php?rest_route=%2Fwp%2Fv2%2Fproduct_cat&post=5054"},{"taxonomy":"product_tag","embeddable":true,"href":"https:\/\/benchaaben-fragrance.com\/index.php?rest_route=%2Fwp%2Fv2%2Fproduct_tag&post=5054"}],"curies":[{"name":"wp","href":"https:\/\/api.w.org\/{rel}","templated":true}]}}