{"id":5062,"date":"2024-12-26T12:02:12","date_gmt":"2024-12-26T11:02:12","guid":{"rendered":"https:\/\/benchaaben-fragrance.com\/?post_type=product&#038;p=5062"},"modified":"2026-01-13T05:35:52","modified_gmt":"2026-01-13T04:35:52","slug":"le-male-elixir-jean-paul-gaultier-extrait-de-parfum","status":"publish","type":"product","link":"https:\/\/benchaaben-fragrance.com\/?product=le-male-elixir-jean-paul-gaultier-extrait-de-parfum","title":{"rendered":"Le Male Elixir Jean Paul Gaultier Extrait De Parfum"},"content":{"rendered":"<p><b>Le Male Elixir<\/b>\u00a0de\u00a0<b>Jean Paul Gaultier<\/b>\u00a0est un parfum Orientale Foug\u00e8re pour homme. C&rsquo;est un nouveau parfum.\u00a0<b>Le Male Elixir<\/b>\u00a0a \u00e9t\u00e9 lanc\u00e9 en 2023. Le nez derri\u00e8re ce parfum est Quentin Bisch. Les notes de t\u00eate sont Lavande et Menthe; les notes de coeur sont Vanille et Benjoin; les notes de fond sont Miel, F\u00e8ve de tonka et Tabac.<\/p>\n","protected":false},"excerpt":{"rendered":"<p><b>Le Male Elixir<\/b>\u00a0de\u00a0<b>Jean Paul Gaultier<\/b>\u00a0est un parfum Orientale Foug\u00e8re pour homme. C&rsquo;est un nouveau parfum.\u00a0<b>Le Male Elixir<\/b>\u00a0a \u00e9t\u00e9 lanc\u00e9 en 2023. Le nez derri\u00e8re ce parfum est Quentin Bisch. Les notes de t\u00eate sont Lavande et Menthe; les notes de coeur sont Vanille et Benjoin; les notes de fond sont Miel, F\u00e8ve de tonka et Tabac.<\/p>\n","protected":false},"featured_media":5065,"comment_status":"open","ping_status":"closed","template":"","meta":[],"product_brand":[],"product_cat":[195],"product_tag":[247,204],"class_list":{"0":"post-5062","1":"product","2":"type-product","3":"status-publish","4":"has-post-thumbnail","6":"product_cat-parfum-homme","7":"product_tag-jean-paul-gaultier","8":"product_tag-parfum-homme","10":"first","11":"instock","12":"shipping-taxable","13":"purchasable","14":"product-type-variable","15":"has-default-attributes"},"jetpack_sharing_enabled":true,"_links":{"self":[{"href":"https:\/\/benchaaben-fragrance.com\/index.php?rest_route=\/wp\/v2\/product\/5062","targetHints":{"allow":["GET"]}}],"collection":[{"href":"https:\/\/benchaaben-fragrance.com\/index.php?rest_route=\/wp\/v2\/product"}],"about":[{"href":"https:\/\/benchaaben-fragrance.com\/index.php?rest_route=\/wp\/v2\/types\/product"}],"replies":[{"embeddable":true,"href":"https:\/\/benchaaben-fragrance.com\/index.php?rest_route=%2Fwp%2Fv2%2Fcomments&post=5062"}],"wp:featuredmedia":[{"embeddable":true,"href":"https:\/\/benchaaben-fragrance.com\/index.php?rest_route=\/wp\/v2\/media\/5065"}],"wp:attachment":[{"href":"https:\/\/benchaaben-fragrance.com\/index.php?rest_route=%2Fwp%2Fv2%2Fmedia&parent=5062"}],"wp:term":[{"taxonomy":"product_brand","embeddable":true,"href":"https:\/\/benchaaben-fragrance.com\/index.php?rest_route=%2Fwp%2Fv2%2Fproduct_brand&post=5062"},{"taxonomy":"product_cat","embeddable":true,"href":"https:\/\/benchaaben-fragrance.com\/index.php?rest_route=%2Fwp%2Fv2%2Fproduct_cat&post=5062"},{"taxonomy":"product_tag","embeddable":true,"href":"https:\/\/benchaaben-fragrance.com\/index.php?rest_route=%2Fwp%2Fv2%2Fproduct_tag&post=5062"}],"curies":[{"name":"wp","href":"https:\/\/api.w.org\/{rel}","templated":true}]}}