{"id":5070,"date":"2024-12-26T12:13:17","date_gmt":"2024-12-26T11:13:17","guid":{"rendered":"https:\/\/benchaaben-fragrance.com\/?post_type=product&#038;p=5070"},"modified":"2025-10-03T02:15:04","modified_gmt":"2025-10-03T01:15:04","slug":"sauvage-elixir-dior-extrait-de-parfum","status":"publish","type":"product","link":"https:\/\/benchaaben-fragrance.com\/?product=sauvage-elixir-dior-extrait-de-parfum","title":{"rendered":"Sauvage Elixir Dior Extrait De Parfum"},"content":{"rendered":"<p><b>Sauvage Elixir<\/b>\u00a0de\u00a0<b>Dior<\/b>\u00a0est un parfum Aromatique pour homme.\u00a0<b>Sauvage Elixir<\/b>\u00a0a \u00e9t\u00e9 lanc\u00e9 en 2021. Le nez derri\u00e8re ce parfum est Fran\u00e7ois Demachy. Les notes de t\u00eate sont Noix de muscade, Cannelle, Cardamome et Pamplemousse; la note de coeur est Lavande; les notes de fond sont R\u00e9glisse, Bois de santal, Ambre, Patchouli et V\u00e9tiver de Ha\u00efti.<\/p>\n","protected":false},"excerpt":{"rendered":"<p><b>Sauvage Elixir<\/b>\u00a0de\u00a0<b>Dior<\/b>\u00a0est un parfum Aromatique pour homme.\u00a0<b>Sauvage Elixir<\/b>\u00a0a \u00e9t\u00e9 lanc\u00e9 en 2021. Le nez derri\u00e8re ce parfum est Fran\u00e7ois Demachy. Les notes de t\u00eate sont Noix de muscade, Cannelle, Cardamome et Pamplemousse; la note de coeur est Lavande; les notes de fond sont R\u00e9glisse, Bois de santal, Ambre, Patchouli et V\u00e9tiver de Ha\u00efti.<\/p>\n","protected":false},"featured_media":5073,"comment_status":"open","ping_status":"closed","template":"","meta":[],"product_brand":[],"product_cat":[195],"product_tag":[232,204],"class_list":{"0":"post-5070","1":"product","2":"type-product","3":"status-publish","4":"has-post-thumbnail","6":"product_cat-parfum-homme","7":"product_tag-dior","8":"product_tag-parfum-homme","10":"first","11":"instock","12":"shipping-taxable","13":"purchasable","14":"product-type-variable","15":"has-default-attributes"},"jetpack_sharing_enabled":true,"_links":{"self":[{"href":"https:\/\/benchaaben-fragrance.com\/index.php?rest_route=\/wp\/v2\/product\/5070","targetHints":{"allow":["GET"]}}],"collection":[{"href":"https:\/\/benchaaben-fragrance.com\/index.php?rest_route=\/wp\/v2\/product"}],"about":[{"href":"https:\/\/benchaaben-fragrance.com\/index.php?rest_route=\/wp\/v2\/types\/product"}],"replies":[{"embeddable":true,"href":"https:\/\/benchaaben-fragrance.com\/index.php?rest_route=%2Fwp%2Fv2%2Fcomments&post=5070"}],"wp:featuredmedia":[{"embeddable":true,"href":"https:\/\/benchaaben-fragrance.com\/index.php?rest_route=\/wp\/v2\/media\/5073"}],"wp:attachment":[{"href":"https:\/\/benchaaben-fragrance.com\/index.php?rest_route=%2Fwp%2Fv2%2Fmedia&parent=5070"}],"wp:term":[{"taxonomy":"product_brand","embeddable":true,"href":"https:\/\/benchaaben-fragrance.com\/index.php?rest_route=%2Fwp%2Fv2%2Fproduct_brand&post=5070"},{"taxonomy":"product_cat","embeddable":true,"href":"https:\/\/benchaaben-fragrance.com\/index.php?rest_route=%2Fwp%2Fv2%2Fproduct_cat&post=5070"},{"taxonomy":"product_tag","embeddable":true,"href":"https:\/\/benchaaben-fragrance.com\/index.php?rest_route=%2Fwp%2Fv2%2Fproduct_tag&post=5070"}],"curies":[{"name":"wp","href":"https:\/\/api.w.org\/{rel}","templated":true}]}}