{"id":5074,"date":"2024-12-26T12:16:45","date_gmt":"2024-12-26T11:16:45","guid":{"rendered":"https:\/\/benchaaben-fragrance.com\/?post_type=product&#038;p=5074"},"modified":"2025-10-03T02:12:43","modified_gmt":"2025-10-03T01:12:43","slug":"dior-addict-dior-extrait-de-parfum","status":"publish","type":"product","link":"https:\/\/benchaaben-fragrance.com\/?product=dior-addict-dior-extrait-de-parfum","title":{"rendered":"Dior Addict Dior Extrait De Parfum"},"content":{"rendered":"<p><b>Dior Addict<\/b>\u00a0de\u00a0<b>Dior<\/b>\u00a0est un parfum Orientale Floral pour femme.\u00a0<b>Dior Addict<\/b>\u00a0a \u00e9t\u00e9 lanc\u00e9 en 2002. Dior Addict a \u00e9t\u00e9 cr\u00e9\u00e9 par Thierry Wasser et Christian Dussoulier. Les notes de t\u00eate sont M\u00fbre, Feuille de mandarinier et Fleur de soie; les notes de coeur sont Jasmin, Fleur d&rsquo;oranger, Reine de la nuit et Rose; les notes de fond sont Vanille, F\u00e8ve de tonka et Santal de Mysore.<\/p>\n","protected":false},"excerpt":{"rendered":"<p><b>Dior Addict<\/b>\u00a0de\u00a0<b>Dior<\/b>\u00a0est un parfum Orientale Floral pour femme.\u00a0<b>Dior Addict<\/b>\u00a0a \u00e9t\u00e9 lanc\u00e9 en 2002. Dior Addict a \u00e9t\u00e9 cr\u00e9\u00e9 par Thierry Wasser et Christian Dussoulier. Les notes de t\u00eate sont M\u00fbre, Feuille de mandarinier et Fleur de soie; les notes de coeur sont Jasmin, Fleur d&rsquo;oranger, Reine de la nuit et Rose; les notes de fond sont Vanille, F\u00e8ve de tonka et Santal de Mysore.<\/p>\n","protected":false},"featured_media":5077,"comment_status":"open","ping_status":"closed","template":"","meta":[],"product_brand":[],"product_cat":[196],"product_tag":[232,198],"class_list":{"0":"post-5074","1":"product","2":"type-product","3":"status-publish","4":"has-post-thumbnail","6":"product_cat-parfum-femme","7":"product_tag-dior","8":"product_tag-parfum-femme","10":"first","11":"instock","12":"shipping-taxable","13":"purchasable","14":"product-type-variable","15":"has-default-attributes"},"jetpack_sharing_enabled":true,"_links":{"self":[{"href":"https:\/\/benchaaben-fragrance.com\/index.php?rest_route=\/wp\/v2\/product\/5074","targetHints":{"allow":["GET"]}}],"collection":[{"href":"https:\/\/benchaaben-fragrance.com\/index.php?rest_route=\/wp\/v2\/product"}],"about":[{"href":"https:\/\/benchaaben-fragrance.com\/index.php?rest_route=\/wp\/v2\/types\/product"}],"replies":[{"embeddable":true,"href":"https:\/\/benchaaben-fragrance.com\/index.php?rest_route=%2Fwp%2Fv2%2Fcomments&post=5074"}],"wp:featuredmedia":[{"embeddable":true,"href":"https:\/\/benchaaben-fragrance.com\/index.php?rest_route=\/wp\/v2\/media\/5077"}],"wp:attachment":[{"href":"https:\/\/benchaaben-fragrance.com\/index.php?rest_route=%2Fwp%2Fv2%2Fmedia&parent=5074"}],"wp:term":[{"taxonomy":"product_brand","embeddable":true,"href":"https:\/\/benchaaben-fragrance.com\/index.php?rest_route=%2Fwp%2Fv2%2Fproduct_brand&post=5074"},{"taxonomy":"product_cat","embeddable":true,"href":"https:\/\/benchaaben-fragrance.com\/index.php?rest_route=%2Fwp%2Fv2%2Fproduct_cat&post=5074"},{"taxonomy":"product_tag","embeddable":true,"href":"https:\/\/benchaaben-fragrance.com\/index.php?rest_route=%2Fwp%2Fv2%2Fproduct_tag&post=5074"}],"curies":[{"name":"wp","href":"https:\/\/api.w.org\/{rel}","templated":true}]}}