{"id":5078,"date":"2024-12-26T12:20:06","date_gmt":"2024-12-26T11:20:06","guid":{"rendered":"https:\/\/benchaaben-fragrance.com\/?post_type=product&#038;p=5078"},"modified":"2024-12-26T12:20:49","modified_gmt":"2024-12-26T11:20:49","slug":"erba-pura-xerjoff-extrait-de-parfum","status":"publish","type":"product","link":"https:\/\/benchaaben-fragrance.com\/?product=erba-pura-xerjoff-extrait-de-parfum","title":{"rendered":"Erba Pura Xerjoff Extrait De Parfum"},"content":{"rendered":"<p><b>Erba Pura<\/b>\u00a0de\u00a0<b>Xerjoff<\/b>\u00a0est un parfum Orientale pour homme et femme.\u00a0<b>Erba Pura<\/b>\u00a0a \u00e9t\u00e9 lanc\u00e9 en 2019. Erba Pura a \u00e9t\u00e9 cr\u00e9\u00e9 par Christian Carbonnel et Laura Santander. Les notes de t\u00eate sont Orange de Sicile, Bergamote de Calabria et Citron de Sicile; la note de coeur est Fruits; les notes de fond sont Musc blanc, Vanille de Madagascar et Ambre.<\/p>\n","protected":false},"excerpt":{"rendered":"<p><b>Erba Pura<\/b>\u00a0de\u00a0<b>Xerjoff<\/b>\u00a0est un parfum Orientale pour homme et femme.\u00a0<b>Erba Pura<\/b>\u00a0a \u00e9t\u00e9 lanc\u00e9 en 2019. Erba Pura a \u00e9t\u00e9 cr\u00e9\u00e9 par Christian Carbonnel et Laura Santander. Les notes de t\u00eate sont Orange de Sicile, Bergamote de Calabria et Citron de Sicile; la note de coeur est Fruits; les notes de fond sont Musc blanc, Vanille de Madagascar et Ambre.<\/p>\n","protected":false},"featured_media":5081,"comment_status":"open","ping_status":"closed","template":"","meta":[],"product_brand":[],"product_cat":[196,195,197],"product_tag":[198,204,213],"class_list":{"0":"post-5078","1":"product","2":"type-product","3":"status-publish","4":"has-post-thumbnail","6":"product_cat-parfum-femme","7":"product_cat-parfum-homme","8":"product_cat-parfum-unisexe","9":"product_tag-parfum-femme","10":"product_tag-parfum-homme","11":"product_tag-xerjoff","13":"first","14":"instock","15":"shipping-taxable","16":"purchasable","17":"product-type-variable","18":"has-default-attributes"},"jetpack_sharing_enabled":true,"_links":{"self":[{"href":"https:\/\/benchaaben-fragrance.com\/index.php?rest_route=\/wp\/v2\/product\/5078","targetHints":{"allow":["GET"]}}],"collection":[{"href":"https:\/\/benchaaben-fragrance.com\/index.php?rest_route=\/wp\/v2\/product"}],"about":[{"href":"https:\/\/benchaaben-fragrance.com\/index.php?rest_route=\/wp\/v2\/types\/product"}],"replies":[{"embeddable":true,"href":"https:\/\/benchaaben-fragrance.com\/index.php?rest_route=%2Fwp%2Fv2%2Fcomments&post=5078"}],"wp:featuredmedia":[{"embeddable":true,"href":"https:\/\/benchaaben-fragrance.com\/index.php?rest_route=\/wp\/v2\/media\/5081"}],"wp:attachment":[{"href":"https:\/\/benchaaben-fragrance.com\/index.php?rest_route=%2Fwp%2Fv2%2Fmedia&parent=5078"}],"wp:term":[{"taxonomy":"product_brand","embeddable":true,"href":"https:\/\/benchaaben-fragrance.com\/index.php?rest_route=%2Fwp%2Fv2%2Fproduct_brand&post=5078"},{"taxonomy":"product_cat","embeddable":true,"href":"https:\/\/benchaaben-fragrance.com\/index.php?rest_route=%2Fwp%2Fv2%2Fproduct_cat&post=5078"},{"taxonomy":"product_tag","embeddable":true,"href":"https:\/\/benchaaben-fragrance.com\/index.php?rest_route=%2Fwp%2Fv2%2Fproduct_tag&post=5078"}],"curies":[{"name":"wp","href":"https:\/\/api.w.org\/{rel}","templated":true}]}}