{"id":5096,"date":"2024-12-30T14:50:48","date_gmt":"2024-12-30T13:50:48","guid":{"rendered":"https:\/\/benchaaben-fragrance.com\/?post_type=product&#038;p=5096"},"modified":"2026-01-13T05:35:35","modified_gmt":"2026-01-13T04:35:35","slug":"emeer-lattafa-perfumes-parfum","status":"publish","type":"product","link":"https:\/\/benchaaben-fragrance.com\/?product=emeer-lattafa-perfumes-parfum","title":{"rendered":"Emeer Lattafa Perfumes Parfum"},"content":{"rendered":"<p><b>Emeer<\/b>\u00a0de\u00a0<b>Lattafa Perfumes<\/b>\u00a0est un parfum Bois\u00e9 Aromatique pour homme et femme. C&rsquo;est un nouveau parfum.\u00a0<b>Emeer<\/b>\u00a0a \u00e9t\u00e9 lanc\u00e9 en 2024. Les notes de t\u00eate sont Citron, Sauge sclar\u00e9e, Bergamote et Baies de gen\u00e9vrier; les notes de coeur sont Th\u00e9 blanc, Bois de santal, Cardamome et R\u00e9sine oliban; les notes de fond sont Ambre gris, C\u00e8dre, Bois de cachemire et Patchouli.<\/p>\n","protected":false},"excerpt":{"rendered":"<p><b>Emeer<\/b>\u00a0de\u00a0<b>Lattafa Perfumes<\/b>\u00a0est un parfum Bois\u00e9 Aromatique pour homme et femme. C&rsquo;est un nouveau parfum.\u00a0<b>Emeer<\/b>\u00a0a \u00e9t\u00e9 lanc\u00e9 en 2024. Les notes de t\u00eate sont Citron, Sauge sclar\u00e9e, Bergamote et Baies de gen\u00e9vrier; les notes de coeur sont Th\u00e9 blanc, Bois de santal, Cardamome et R\u00e9sine oliban; les notes de fond sont Ambre gris, C\u00e8dre, Bois de cachemire et Patchouli.<\/p>\n","protected":false},"featured_media":5098,"comment_status":"open","ping_status":"closed","template":"","meta":[],"product_brand":[],"product_cat":[196,195,197],"product_tag":[272,198,204],"class_list":{"0":"post-5096","1":"product","2":"type-product","3":"status-publish","4":"has-post-thumbnail","6":"product_cat-parfum-femme","7":"product_cat-parfum-homme","8":"product_cat-parfum-unisexe","9":"product_tag-lattafa-perfumes","10":"product_tag-parfum-femme","11":"product_tag-parfum-homme","13":"first","14":"instock","15":"shipping-taxable","16":"purchasable","17":"product-type-simple"},"jetpack_sharing_enabled":true,"_links":{"self":[{"href":"https:\/\/benchaaben-fragrance.com\/index.php?rest_route=\/wp\/v2\/product\/5096","targetHints":{"allow":["GET"]}}],"collection":[{"href":"https:\/\/benchaaben-fragrance.com\/index.php?rest_route=\/wp\/v2\/product"}],"about":[{"href":"https:\/\/benchaaben-fragrance.com\/index.php?rest_route=\/wp\/v2\/types\/product"}],"replies":[{"embeddable":true,"href":"https:\/\/benchaaben-fragrance.com\/index.php?rest_route=%2Fwp%2Fv2%2Fcomments&post=5096"}],"wp:featuredmedia":[{"embeddable":true,"href":"https:\/\/benchaaben-fragrance.com\/index.php?rest_route=\/wp\/v2\/media\/5098"}],"wp:attachment":[{"href":"https:\/\/benchaaben-fragrance.com\/index.php?rest_route=%2Fwp%2Fv2%2Fmedia&parent=5096"}],"wp:term":[{"taxonomy":"product_brand","embeddable":true,"href":"https:\/\/benchaaben-fragrance.com\/index.php?rest_route=%2Fwp%2Fv2%2Fproduct_brand&post=5096"},{"taxonomy":"product_cat","embeddable":true,"href":"https:\/\/benchaaben-fragrance.com\/index.php?rest_route=%2Fwp%2Fv2%2Fproduct_cat&post=5096"},{"taxonomy":"product_tag","embeddable":true,"href":"https:\/\/benchaaben-fragrance.com\/index.php?rest_route=%2Fwp%2Fv2%2Fproduct_tag&post=5096"}],"curies":[{"name":"wp","href":"https:\/\/api.w.org\/{rel}","templated":true}]}}