{"id":5103,"date":"2024-12-30T15:05:40","date_gmt":"2024-12-30T14:05:40","guid":{"rendered":"https:\/\/benchaaben-fragrance.com\/?post_type=product&#038;p=5103"},"modified":"2026-01-13T05:36:07","modified_gmt":"2026-01-13T04:36:07","slug":"musamam-white-intense-lattafa-perfumes-parfum","status":"publish","type":"product","link":"https:\/\/benchaaben-fragrance.com\/?product=musamam-white-intense-lattafa-perfumes-parfum","title":{"rendered":"Musamam White Intense Lattafa Perfumes Parfum"},"content":{"rendered":"<p><b>Musamam White Intense<\/b>\u00a0de\u00a0<b>Lattafa Perfumes<\/b>\u00a0est un parfum Orientale Floral pour homme et femme. C&rsquo;est un nouveau parfum.\u00a0<b>Musamam White Intense<\/b>\u00a0a \u00e9t\u00e9 lanc\u00e9 en 2023. Le nez derri\u00e8re ce parfum est Ga\u00ebl Montero. Les notes de t\u00eate sont Epices, Bergamote et Orange; les notes de coeur sont Noix de Coco, Ylang-ylang, Ambroxan et Mahonial; les notes de fond sont Bois de santal, Musc et Benjoin.<\/p>\n","protected":false},"excerpt":{"rendered":"<p><b>Musamam White Intense<\/b>\u00a0de\u00a0<b>Lattafa Perfumes<\/b>\u00a0est un parfum Orientale Floral pour homme et femme. C&rsquo;est un nouveau parfum.\u00a0<b>Musamam White Intense<\/b>\u00a0a \u00e9t\u00e9 lanc\u00e9 en 2023. Le nez derri\u00e8re ce parfum est Ga\u00ebl Montero. Les notes de t\u00eate sont Epices, Bergamote et Orange; les notes de coeur sont Noix de Coco, Ylang-ylang, Ambroxan et Mahonial; les notes de fond sont Bois de santal, Musc et Benjoin.<\/p>\n","protected":false},"featured_media":5105,"comment_status":"open","ping_status":"closed","template":"","meta":[],"product_brand":[],"product_cat":[196,195,197],"product_tag":[272,198,204],"class_list":{"0":"post-5103","1":"product","2":"type-product","3":"status-publish","4":"has-post-thumbnail","6":"product_cat-parfum-femme","7":"product_cat-parfum-homme","8":"product_cat-parfum-unisexe","9":"product_tag-lattafa-perfumes","10":"product_tag-parfum-femme","11":"product_tag-parfum-homme","13":"first","14":"instock","15":"shipping-taxable","16":"purchasable","17":"product-type-simple"},"jetpack_sharing_enabled":true,"_links":{"self":[{"href":"https:\/\/benchaaben-fragrance.com\/index.php?rest_route=\/wp\/v2\/product\/5103","targetHints":{"allow":["GET"]}}],"collection":[{"href":"https:\/\/benchaaben-fragrance.com\/index.php?rest_route=\/wp\/v2\/product"}],"about":[{"href":"https:\/\/benchaaben-fragrance.com\/index.php?rest_route=\/wp\/v2\/types\/product"}],"replies":[{"embeddable":true,"href":"https:\/\/benchaaben-fragrance.com\/index.php?rest_route=%2Fwp%2Fv2%2Fcomments&post=5103"}],"wp:featuredmedia":[{"embeddable":true,"href":"https:\/\/benchaaben-fragrance.com\/index.php?rest_route=\/wp\/v2\/media\/5105"}],"wp:attachment":[{"href":"https:\/\/benchaaben-fragrance.com\/index.php?rest_route=%2Fwp%2Fv2%2Fmedia&parent=5103"}],"wp:term":[{"taxonomy":"product_brand","embeddable":true,"href":"https:\/\/benchaaben-fragrance.com\/index.php?rest_route=%2Fwp%2Fv2%2Fproduct_brand&post=5103"},{"taxonomy":"product_cat","embeddable":true,"href":"https:\/\/benchaaben-fragrance.com\/index.php?rest_route=%2Fwp%2Fv2%2Fproduct_cat&post=5103"},{"taxonomy":"product_tag","embeddable":true,"href":"https:\/\/benchaaben-fragrance.com\/index.php?rest_route=%2Fwp%2Fv2%2Fproduct_tag&post=5103"}],"curies":[{"name":"wp","href":"https:\/\/api.w.org\/{rel}","templated":true}]}}